{"id":774,"date":"2023-03-06T15:01:03","date_gmt":"2023-03-06T15:01:03","guid":{"rendered":"https:\/\/corredorarmas.com\/?post_type=product&#038;p=774"},"modified":"2025-02-10T09:25:16","modified_gmt":"2025-02-10T09:25:16","slug":"pistola-airsoft-ssp2-gbb","status":"publish","type":"product","link":"https:\/\/corredorarmas.com\/?product=pistola-airsoft-ssp2-gbb","title":{"rendered":"Pistola Airsoft SSP2 GBB"},"content":{"rendered":"<div class=\"woocommerce-product-details__short-description\">\n<div>Este producto tambi\u00e9n est\u00e1\u00a0<a href=\"https:\/\/eu.novritsch.com\/novritsch-in-deutschland\/\">disponible para Alemania<\/a><\/div>\n<p>Una pistola afilada y contundente que te pone a cargo del juego.\u00a0\u00a1Caracter\u00edsticas modernas y efectos visuales incluidos!<\/p>\n<h3>CARACTER\u00cdSTICAS<\/h3>\n<ul>\n<li><strong>Dise\u00f1o moderno<\/strong>\u00a0con interiores mejorados<\/li>\n<li>Ca\u00f1\u00f3n fijo con corredera semipartida para mayor precisi\u00f3n<\/li>\n<li>Patada fuerte y r\u00e1pida<\/li>\n<li>Preciso con **\u00a0<strong>tronzado de silicona Maple Leaf<\/strong>\u00a0** y un TDC Hop-Up<\/li>\n<li>Jala n\u00edtidamente el **\u00a0<strong>gatillo plano<\/strong>\u00a0**<\/li>\n<li>BB recomendadas de 0,32 g listas para usar (\u00a0<em>pero pueden saltar BB hasta 0,46 g<\/em>\u00a0)<\/li>\n<li><i class=\"fas fa-graduation-cap\"><\/i>Amplia\u00a0<a href=\"https:\/\/support.novritsch.com\/novritsch-academy\/pistol-academy\/ssp2-academy\/\" target=\"_blank\" rel=\"noopener\">videoteca<\/a>\u00a0\u00a0con cursos y gu\u00edas.<\/li>\n<li>Soporte t\u00e9cnico con sede en Viena (jugadores reales de airsoft).<\/li>\n<li><strong>Dise\u00f1ado por apasionados jugadores de Airsoft en Viena, Austria.<\/strong><\/li>\n<\/ul>\n<p><a href=\"https:\/\/eu.novritsch.com\/ssp2-shipping\/\" target=\"_blank\" rel=\"noopener noreferrer\">Detalles de env\u00edo para todos los pa\u00edses<\/a><\/p>\n<p><strong>BB recomendadas:<\/strong>\u00a00,32 g (\u00a0<em>pero puede saltar BB hasta 0,46 g<\/em>\u00a0)<br \/>\n<strong>Capacidad:<\/strong>\u00a031 BB\/cargador<br \/>\n<strong>Potencia:\u00a0<\/strong><b>~<\/b>\u00a01 julio con las recomendaciones de gas a continuaci\u00f3n<br \/>\n<strong>Longitud:<\/strong>\u00a021,5 cm<br \/>\n<strong>Peso<\/strong>\u00a0sin cargador: 586 g<\/p>\n<p><i class=\"fas fa-exclamation-triangle\"><\/i>El SSP2 no debe utilizarse con cargador de CO2\u00a0<strong>por encima de\u00a0<\/strong><strong>15\u00b0C<\/strong><\/p>\n<table dir=\"ltr\" border=\"1\" cellspacing=\"0\" cellpadding=\"0\">\n<colgroup>\n<col width=\"80\" \/>\n<col width=\"260\" \/>\n<col width=\"90\" \/><\/colgroup>\n<tbody>\n<tr>\n<td data-sheets-value=\"{&quot;1&quot;:2,&quot;2&quot;:&quot;Temperature&quot;}\">Temperatura<\/td>\n<td data-sheets-value=\"{&quot;1&quot;:2,&quot;2&quot;:&quot;Ideal Gas&quot;}\">Gas ideal<\/td>\n<td data-sheets-value=\"{&quot;1&quot;:2,&quot;2&quot;:&quot;Ideal BBs&quot;}\">BB ideales<\/td>\n<\/tr>\n<tr>\n<td data-sheets-value=\"{&quot;1&quot;:2,&quot;2&quot;:&quot;0\u00b0C to 10\u00b0C&quot;}\">8\u00b0C a 11\u00b0C<\/td>\n<td data-sheets-value=\"{&quot;1&quot;:2,&quot;2&quot;:&quot;Super High Pressure&quot;}\">S\u00faper Alta Presi\u00f3n (Nimrod Black Gas)<\/td>\n<td data-sheets-value=\"{&quot;1&quot;:3,&quot;3&quot;:0.28}\">0,32 g<\/td>\n<\/tr>\n<tr>\n<td data-sheets-value=\"{&quot;1&quot;:2,&quot;2&quot;:&quot;10\u00b0C to 15\u00b0C&quot;}\">12\u00b0C a 16\u00b0C<\/td>\n<td data-sheets-value=\"{&quot;1&quot;:2,&quot;2&quot;:&quot;High Pressure&quot;}\">Alta presi\u00f3n (Nimrod Red Gas)<\/td>\n<td data-sheets-value=\"{&quot;1&quot;:3,&quot;3&quot;:0.36}\">0,32 g<\/td>\n<\/tr>\n<tr>\n<td data-sheets-value=\"{&quot;1&quot;:2,&quot;2&quot;:&quot;15\u00b0C to 20\u00b0C&quot;}\">17\u00b0C a 25\u00b0C<\/td>\n<td data-sheets-value=\"{&quot;1&quot;:2,&quot;2&quot;:&quot;Medium Pressure&quot;}\">Media Presi\u00f3n (Nimrod Green Gas)<\/td>\n<td data-sheets-value=\"{&quot;1&quot;:3,&quot;3&quot;:0.36}\">0,32 g<\/td>\n<\/tr>\n<tr>\n<td data-sheets-value=\"{&quot;1&quot;:2,&quot;2&quot;:&quot;20\u00b0C to 50\u00b0C&quot;}\">&gt;25\u00b0C<\/td>\n<td data-sheets-value=\"{&quot;1&quot;:2,&quot;2&quot;:&quot;Low Pressure&quot;}\">Baja presi\u00f3n (Nimrod Blue Gas)<\/td>\n<td data-sheets-value=\"{&quot;1&quot;:3,&quot;3&quot;:0.36}\">0,32 g<\/td>\n<\/tr>\n<\/tbody>\n<\/table>\n<\/div>\n<p class=\"stock in-stock wd-style-default\">\u00a1Disponible!<\/p>\n","protected":false},"excerpt":{"rendered":"<p>https:\/\/eu.novritsch.com\/ssp2-experience\/<\/p>\n","protected":false},"featured_media":783,"comment_status":"open","ping_status":"closed","template":"","meta":[],"product_brand":[],"product_cat":[68],"product_tag":[],"class_list":{"0":"post-774","1":"product","2":"type-product","3":"status-publish","4":"has-post-thumbnail","6":"product_cat-novritsch","8":"first","9":"instock","10":"taxable","11":"shipping-taxable","12":"product-type-external"},"_links":{"self":[{"href":"https:\/\/corredorarmas.com\/index.php?rest_route=\/wp\/v2\/product\/774","targetHints":{"allow":["GET"]}}],"collection":[{"href":"https:\/\/corredorarmas.com\/index.php?rest_route=\/wp\/v2\/product"}],"about":[{"href":"https:\/\/corredorarmas.com\/index.php?rest_route=\/wp\/v2\/types\/product"}],"replies":[{"embeddable":true,"href":"https:\/\/corredorarmas.com\/index.php?rest_route=%2Fwp%2Fv2%2Fcomments&post=774"}],"wp:featuredmedia":[{"embeddable":true,"href":"https:\/\/corredorarmas.com\/index.php?rest_route=\/wp\/v2\/media\/783"}],"wp:attachment":[{"href":"https:\/\/corredorarmas.com\/index.php?rest_route=%2Fwp%2Fv2%2Fmedia&parent=774"}],"wp:term":[{"taxonomy":"product_brand","embeddable":true,"href":"https:\/\/corredorarmas.com\/index.php?rest_route=%2Fwp%2Fv2%2Fproduct_brand&post=774"},{"taxonomy":"product_cat","embeddable":true,"href":"https:\/\/corredorarmas.com\/index.php?rest_route=%2Fwp%2Fv2%2Fproduct_cat&post=774"},{"taxonomy":"product_tag","embeddable":true,"href":"https:\/\/corredorarmas.com\/index.php?rest_route=%2Fwp%2Fv2%2Fproduct_tag&post=774"}],"curies":[{"name":"wp","href":"https:\/\/api.w.org\/{rel}","templated":true}]}}