{"id":758,"date":"2023-03-06T12:24:16","date_gmt":"2023-03-06T12:24:16","guid":{"rendered":"https:\/\/corredorarmas.com\/?post_type=product&#038;p=758"},"modified":"2026-04-23T02:34:59","modified_gmt":"2026-04-23T02:34:59","slug":"turanammo","status":"publish","type":"product","link":"https:\/\/corredorarmas.com\/?product=turanammo","title":{"rendered":"Turanammo"},"content":{"rendered":"","protected":false},"excerpt":{"rendered":"<div class=\"hakkimizda-ust\">\n<div class=\"about-sol\">\n<h4>MUNICI\u00d3N TURANA<\/h4>\n<p class=\"firstp\">Turan inici\u00f3 su actividad en 1997 con la fabricaci\u00f3n de rifles de caza en la localidad de \u00dcz\u00fcml\u00fc.\u00a0La empresa ha ocupado un lugar importante en el sector con la calidad y variedad de escopetas semiautom\u00e1ticas y de corredera.<\/p>\n<p>Siguiendo atentamente la diversidad del mercado y los desarrollos en sectores similares, en 2007, Turan tambi\u00e9n inici\u00f3 la producci\u00f3n de balas de sonido (munici\u00f3n de fogueo) y cartuchos de caza, gracias a las oportunidades brindadas por el fortalecimiento de su capital.\u00a0La instalaci\u00f3n de producci\u00f3n y almacenamiento de material explosivo tipo galer\u00eda subterr\u00e1nea, que construy\u00f3 para este fin, incluida en el inventario.\u00a0Esta instalaci\u00f3n se construy\u00f3 en un \u00e1rea de 130.000 m\u00b2 y fue elegida como un t\u00fanel subterr\u00e1neo de almacenamiento de explosivos ejemplar en Turqu\u00eda en 2008 con su t\u00fanel subterr\u00e1neo de 125 metros de largo y los dep\u00f3sitos de explosivos.<\/p>\n<\/div>\n<p><img decoding=\"async\" src=\"https:\/\/turanammo.com\/wp-content\/uploads\/2022\/02\/turan-fabrika.jpg\" \/><\/p>\n<\/div>\n<div class=\"hakkimizda-alt\">\n<div class=\"yazi-alani\">\n<p>Los desarrollos en el campo de la industria de defensa en Turqu\u00eda tambi\u00e9n han afectado positivamente a Turan.\u00a0Al reconocer la creciente demanda de municiones para armas ligeras en el mundo y notar los intentos de satisfacer la necesidad en Turqu\u00eda, Turan decidi\u00f3 que el futuro de la empresa tambi\u00e9n deber\u00eda estar en este campo.\u00a0Despu\u00e9s de completar las inversiones en infraestructura necesarias para este prop\u00f3sito en 2019, la producci\u00f3n de municiones para armas de fuego de 9 \u00d7 19 mm comenz\u00f3 como municiones Turan.\u00a0Turan ya ha alcanzado una capacidad de producci\u00f3n de 50 millones de cartuchos de sonido y 100 millones de cartuchos de 9&#215;19 mm.<\/p>\n<p>Nuestra empresa, incursionada en los mercados externos con la producci\u00f3n de balas, exporta la mayor parte de su producci\u00f3n a Am\u00e9rica y pa\u00edses de Europa.\u00a0Debido a la alta demanda de municiones 7,62 x 39 mm y 5,56 x 45 mm en el mercado mundial, se revis\u00f3 el plan de inversiones 2022-2023 y se iniciaron las inversiones necesarias en edificaci\u00f3n, infraestructura y equipamiento de maquinaria para la fabricaci\u00f3n y l\u00edneas de carga de estos productos.<\/p>\n<\/div>\n<\/div>\n","protected":false},"featured_media":752,"comment_status":"open","ping_status":"closed","template":"","meta":[],"product_brand":[],"product_cat":[66],"product_tag":[],"class_list":{"0":"post-758","1":"product","2":"type-product","3":"status-publish","4":"has-post-thumbnail","6":"product_cat-https-turanammo-com","8":"first","9":"instock","10":"taxable","11":"shipping-taxable","12":"product-type-external"},"_links":{"self":[{"href":"https:\/\/corredorarmas.com\/index.php?rest_route=\/wp\/v2\/product\/758","targetHints":{"allow":["GET"]}}],"collection":[{"href":"https:\/\/corredorarmas.com\/index.php?rest_route=\/wp\/v2\/product"}],"about":[{"href":"https:\/\/corredorarmas.com\/index.php?rest_route=\/wp\/v2\/types\/product"}],"replies":[{"embeddable":true,"href":"https:\/\/corredorarmas.com\/index.php?rest_route=%2Fwp%2Fv2%2Fcomments&post=758"}],"wp:featuredmedia":[{"embeddable":true,"href":"https:\/\/corredorarmas.com\/index.php?rest_route=\/wp\/v2\/media\/752"}],"wp:attachment":[{"href":"https:\/\/corredorarmas.com\/index.php?rest_route=%2Fwp%2Fv2%2Fmedia&parent=758"}],"wp:term":[{"taxonomy":"product_brand","embeddable":true,"href":"https:\/\/corredorarmas.com\/index.php?rest_route=%2Fwp%2Fv2%2Fproduct_brand&post=758"},{"taxonomy":"product_cat","embeddable":true,"href":"https:\/\/corredorarmas.com\/index.php?rest_route=%2Fwp%2Fv2%2Fproduct_cat&post=758"},{"taxonomy":"product_tag","embeddable":true,"href":"https:\/\/corredorarmas.com\/index.php?rest_route=%2Fwp%2Fv2%2Fproduct_tag&post=758"}],"curies":[{"name":"wp","href":"https:\/\/api.w.org\/{rel}","templated":true}]}}