{"id":458,"date":"2023-01-04T09:27:54","date_gmt":"2023-01-04T09:27:54","guid":{"rendered":"https:\/\/corredorarmas.com\/?post_type=product&#038;p=458"},"modified":"2025-02-10T09:27:20","modified_gmt":"2025-02-10T09:27:20","slug":"hornady-catalogo","status":"publish","type":"product","link":"https:\/\/corredorarmas.com\/?product=hornady-catalogo","title":{"rendered":"Hornady Cat\u00e1logo"},"content":{"rendered":"","protected":false},"excerpt":{"rendered":"<p>Pulsar bot\u00f3n para descargar el cat\u00e1logo gratis<\/p>\n","protected":false},"featured_media":479,"comment_status":"open","ping_status":"closed","template":"","meta":[],"product_brand":[],"product_cat":[48],"product_tag":[],"class_list":{"0":"post-458","1":"product","2":"type-product","3":"status-publish","4":"has-post-thumbnail","6":"product_cat-hornady","8":"first","9":"instock","10":"taxable","11":"shipping-taxable","12":"product-type-external"},"_links":{"self":[{"href":"https:\/\/corredorarmas.com\/index.php?rest_route=\/wp\/v2\/product\/458","targetHints":{"allow":["GET"]}}],"collection":[{"href":"https:\/\/corredorarmas.com\/index.php?rest_route=\/wp\/v2\/product"}],"about":[{"href":"https:\/\/corredorarmas.com\/index.php?rest_route=\/wp\/v2\/types\/product"}],"replies":[{"embeddable":true,"href":"https:\/\/corredorarmas.com\/index.php?rest_route=%2Fwp%2Fv2%2Fcomments&post=458"}],"wp:featuredmedia":[{"embeddable":true,"href":"https:\/\/corredorarmas.com\/index.php?rest_route=\/wp\/v2\/media\/479"}],"wp:attachment":[{"href":"https:\/\/corredorarmas.com\/index.php?rest_route=%2Fwp%2Fv2%2Fmedia&parent=458"}],"wp:term":[{"taxonomy":"product_brand","embeddable":true,"href":"https:\/\/corredorarmas.com\/index.php?rest_route=%2Fwp%2Fv2%2Fproduct_brand&post=458"},{"taxonomy":"product_cat","embeddable":true,"href":"https:\/\/corredorarmas.com\/index.php?rest_route=%2Fwp%2Fv2%2Fproduct_cat&post=458"},{"taxonomy":"product_tag","embeddable":true,"href":"https:\/\/corredorarmas.com\/index.php?rest_route=%2Fwp%2Fv2%2Fproduct_tag&post=458"}],"curies":[{"name":"wp","href":"https:\/\/api.w.org\/{rel}","templated":true}]}}