{"id":1770,"date":"2023-09-25T09:37:13","date_gmt":"2023-09-25T09:37:13","guid":{"rendered":"https:\/\/corredorarmas.com\/?post_type=product&#038;p=1770"},"modified":"2026-04-20T06:41:22","modified_gmt":"2026-04-20T06:41:22","slug":"catalogo-9-mm-luger-124-gmrs","status":"publish","type":"product","link":"https:\/\/corredorarmas.com\/?product=catalogo-9-mm-luger-124-gmrs","title":{"rendered":"Catalogo 9 mm Luger 124 gmrs, descargar grat\u00eds"},"content":{"rendered":"<p>Obtener el cat\u00e1logo 9 mm Luger 124 grms<\/p>\n<p>No tiene ning\u00fan coste, tiene que hacer como si hiciera una compra, tendr\u00e1 la opci\u00f3n de descargar el cat\u00e1logo gratis&#8230;..<\/p>\n","protected":false},"excerpt":{"rendered":"<p>Obtener el cat\u00e1logo 9 mm Luger 124 grms No tiene ning\u00fan coste, tiene que hacer como si hiciera una compra, tendr\u00e1 la opci\u00f3n de descargar el cat\u00e1logo gratis&#8230;..<\/p>\n","protected":false},"featured_media":1688,"comment_status":"open","ping_status":"closed","template":"","meta":[],"product_brand":[],"product_cat":[82,15],"product_tag":[57],"class_list":{"0":"post-1770","1":"product","2":"type-product","3":"status-publish","4":"has-post-thumbnail","6":"product_cat-getload","7":"product_cat-uncategorized","8":"product_tag-catalogo","10":"first","11":"instock","12":"downloadable","13":"taxable","14":"shipping-taxable","15":"purchasable","16":"product-type-simple"},"_links":{"self":[{"href":"https:\/\/corredorarmas.com\/index.php?rest_route=\/wp\/v2\/product\/1770","targetHints":{"allow":["GET"]}}],"collection":[{"href":"https:\/\/corredorarmas.com\/index.php?rest_route=\/wp\/v2\/product"}],"about":[{"href":"https:\/\/corredorarmas.com\/index.php?rest_route=\/wp\/v2\/types\/product"}],"replies":[{"embeddable":true,"href":"https:\/\/corredorarmas.com\/index.php?rest_route=%2Fwp%2Fv2%2Fcomments&post=1770"}],"wp:featuredmedia":[{"embeddable":true,"href":"https:\/\/corredorarmas.com\/index.php?rest_route=\/wp\/v2\/media\/1688"}],"wp:attachment":[{"href":"https:\/\/corredorarmas.com\/index.php?rest_route=%2Fwp%2Fv2%2Fmedia&parent=1770"}],"wp:term":[{"taxonomy":"product_brand","embeddable":true,"href":"https:\/\/corredorarmas.com\/index.php?rest_route=%2Fwp%2Fv2%2Fproduct_brand&post=1770"},{"taxonomy":"product_cat","embeddable":true,"href":"https:\/\/corredorarmas.com\/index.php?rest_route=%2Fwp%2Fv2%2Fproduct_cat&post=1770"},{"taxonomy":"product_tag","embeddable":true,"href":"https:\/\/corredorarmas.com\/index.php?rest_route=%2Fwp%2Fv2%2Fproduct_tag&post=1770"}],"curies":[{"name":"wp","href":"https:\/\/api.w.org\/{rel}","templated":true}]}}