{"id":1541,"date":"2023-06-02T12:01:31","date_gmt":"2023-06-02T12:01:31","guid":{"rendered":"https:\/\/corredorarmas.com\/?page_id=1541"},"modified":"2023-06-02T12:07:13","modified_gmt":"2023-06-02T12:07:13","slug":"seguridad-aun-mas-desarrollada","status":"publish","type":"page","link":"https:\/\/corredorarmas.com\/?page_id=1541","title":{"rendered":"SEGURIDAD A\u00daN M\u00c1S DESARROLLADA"},"content":{"rendered":"\n<div class=\"wp-block-media-text alignwide has-media-on-the-right is-stacked-on-mobile\"><div class=\"wp-block-media-text__content\">\n<p><em>Las estad\u00edsticas sobre delincuencia de los \u00faltimos a\u00f1os muestran sin duda una evoluci\u00f3n positiva. Sin embargo, donde hay disputas tangibles, son cada vez m\u00e1s violentas. Estas duras situaciones de conflicto hacen que sea cada vez m\u00e1s dif\u00edcil para las fuerzas del orden&nbsp;hacer cumplir las normas establecidas. Por lo tanto, la mejora y el desarrollo posterior del equipo son cruciales.<\/em><\/p>\n\n\n\n<p>En KKS, hemos estado desarrollando equipos efectivos para la aplicaci\u00f3n de medidas regulatorias durante muchos a\u00f1os. En este contexto y con la experiencia de los servicios de emergencia activos, con los que siempre estamos en conversaci\u00f3n, pudimos desarrollar decisivamente la seguridad y el funcionamiento de los aerosoles de gas irritante convencionales en nuestro laboratorio de Malsch.<br><br>Nuestro objetivo es mejorar el manejo y, al mismo tiempo, asegurar mejor las botellas a trav\u00e9s de cambios innovadores en el contenedor y el mango. Gracias a los componentes de seguridad patentados, nos hemos acercado a este objetivo. Esto se debe a que no solo minimizan el riesgo de lesiones, sino que tambi\u00e9n evitan el mal uso del aerosol de gas irritante contra la propia persona.<br>Nuestra \u00faltima serie profesional para fuerzas de seguridad, guardaespaldas y autoridades,&nbsp;que vendemos bajo la marca protegida VESK, se caracteriza por algunos detalles sobresalientes y patentados.<\/p>\n\n\n\n<figure class=\"wp-block-image\"><img decoding=\"async\" src=\"https:\/\/kks-produkte.de\/images\/seite_teamequipment_2.png\" alt=\"\"\/><\/figure>\n\n\n\n<p><em>Antirrobo y antirotura<\/em><br><br><\/p>\n<\/div><figure class=\"wp-block-media-text__media\"><img loading=\"lazy\" decoding=\"async\" width=\"400\" height=\"600\" src=\"https:\/\/corredorarmas.com\/wp-content\/uploads\/2023\/06\/RSG400ANILLA.png\" alt=\"\" class=\"wp-image-1545 size-full\" srcset=\"https:\/\/corredorarmas.com\/wp-content\/uploads\/2023\/06\/RSG400ANILLA.png 400w, https:\/\/corredorarmas.com\/wp-content\/uploads\/2023\/06\/RSG400ANILLA-200x300.png 200w\" sizes=\"auto, (max-width: 400px) 100vw, 400px\" \/><\/figure><\/div>\n\n\n\n<p><em><br>&nbsp;<\/em><\/p>\n\n\n\n<p><img loading=\"lazy\" decoding=\"async\" src=\"https:\/\/kks-produkte.de\/images\/buttons_icons\/button_splintsicherung.png\" width=\"100\" height=\"129\">ANTIRROBO<\/p>\n\n\n\n<p><em>En el caso de los enfrentamientos f\u00edsicos, cada vez es m\u00e1s com\u00fan que los atacantes quieran tomar posesi\u00f3n del equipo defensivo para usar el gas irritante directamente contra las fuerzas del orden.<\/em><\/p>\n\n\n\n<p><br>Sin embargo, con el nuevo dispositivo antirrobo en el cabezal de pulverizaci\u00f3n, solo se puede usar&nbsp;si la funci\u00f3n est\u00e1 habilitada por un pasador de bloqueo patentado. Una cuerda espiral delgada y el\u00e1stica garantiza que este pasador siempre permanezca firmemente unido al&nbsp;usuario, incluso si el contenedor se arranca. La lata por s\u00ed sola es in\u00fatil para el&nbsp;atacante. Si el usuario recupera el contenedor, el cabezal de pulverizaci\u00f3n vuelve a&nbsp;ser completamente funcional insertando el pasador de bloqueo.<\/p>\n\n\n\n<p><img decoding=\"async\" src=\"https:\/\/kks-produkte.de\/images\/buttons_icons\/button_bruchsicherung.png\" alt=\"\">PROTECCI\u00d3N ADICIONAL CONTRA FRACTURAS<\/p>\n\n\n\n<p><em>Los contenedores de gas irritante convencionales est\u00e1n firmemente conectados al cabezal de pulverizaci\u00f3n, pero la transferencia de material en el cuello de la lata tambi\u00e9n es un punto d\u00e9bil. En el caso de un ataque directo, puede suceder que el cabezal de pulverizaci\u00f3n se rompa y el contenido se distribuya sin control.<\/em><\/p>\n\n\n\n<p><br>Un bloqueo de agarre reforzado hecho de pl\u00e1stico irrompible, que conecta el contenedor al cabezal de pulverizaci\u00f3n en el eje, evita el \u00abdesgarro\u00bb directo durante un altercado.<\/p>\n\n\n\n<p><\/p>\n","protected":false},"excerpt":{"rendered":"<p>&nbsp; ANTIRROBO En el caso de los enfrentamientos f\u00edsicos, cada vez es m\u00e1s com\u00fan que los atacantes quieran tomar posesi\u00f3n del equipo defensivo para usar el gas irritante directamente contra las fuerzas del orden. Sin embargo, con el nuevo dispositivo antirrobo en el cabezal de pulverizaci\u00f3n, solo se puede usar&nbsp;si la funci\u00f3n est\u00e1 habilitada por [&hellip;]<\/p>\n","protected":false},"author":1,"featured_media":0,"parent":0,"menu_order":0,"comment_status":"closed","ping_status":"closed","template":"","meta":{"footnotes":""},"class_list":["post-1541","page","type-page","status-publish","hentry"],"jetpack_sharing_enabled":true,"_links":{"self":[{"href":"https:\/\/corredorarmas.com\/index.php?rest_route=\/wp\/v2\/pages\/1541","targetHints":{"allow":["GET"]}}],"collection":[{"href":"https:\/\/corredorarmas.com\/index.php?rest_route=\/wp\/v2\/pages"}],"about":[{"href":"https:\/\/corredorarmas.com\/index.php?rest_route=\/wp\/v2\/types\/page"}],"author":[{"embeddable":true,"href":"https:\/\/corredorarmas.com\/index.php?rest_route=\/wp\/v2\/users\/1"}],"replies":[{"embeddable":true,"href":"https:\/\/corredorarmas.com\/index.php?rest_route=%2Fwp%2Fv2%2Fcomments&post=1541"}],"version-history":[{"count":4,"href":"https:\/\/corredorarmas.com\/index.php?rest_route=\/wp\/v2\/pages\/1541\/revisions"}],"predecessor-version":[{"id":1548,"href":"https:\/\/corredorarmas.com\/index.php?rest_route=\/wp\/v2\/pages\/1541\/revisions\/1548"}],"wp:attachment":[{"href":"https:\/\/corredorarmas.com\/index.php?rest_route=%2Fwp%2Fv2%2Fmedia&parent=1541"}],"curies":[{"name":"wp","href":"https:\/\/api.w.org\/{rel}","templated":true}]}}